{"id":268,"date":"2024-01-23T14:17:15","date_gmt":"2024-01-23T14:17:15","guid":{"rendered":"http:\/\/allegrumfin.com\/services\/"},"modified":"2024-02-01T13:14:22","modified_gmt":"2024-02-01T13:14:22","slug":"services","status":"publish","type":"page","link":"http:\/\/hdastservices.com\/pt-br\/services\/","title":{"rendered":"SERVI\u00c7OS"},"content":{"rendered":"<div class=\"inner-page-wrap service-page\">\r\n   <div class=\"container\">\r\n       <div class=\"row\">\r\n          \r\n\t\t  <div class=\"col-lg-4 col-md-6\"> \r\n\t\t       <div class=\"service-box\">\r\n\t\t            <img decoding=\"async\" class=\"img-fluid\" src=\"\/wp-content\/themes\/website-theme\/images\/Service-01.png\" alt=\"\">\r\n\t\t\t      \t<h3>Gerenciamento de conformidade<\/h3>\r\n\t\t\t\t   <p>Como um dos principais fornecedores de terceiriza\u00e7\u00e3o de servi\u00e7os financeiros, acompanhamos todos os requisitos regulamentares e oferecemos solu\u00e7\u00f5es personalizadas, compat\u00edveis e f\u00e1ceis de usar.<\/p>\r\n\t\t      <\/div>\r\n\t\t   <\/div>\r\n\t\t   \r\n\t\t  <div class=\"col-lg-4 col-md-6\"> \r\n\t\t      <div class=\"service-box\">\r\n\t\t          <img decoding=\"async\" class=\"img-fluid\" src=\"\/wp-content\/themes\/website-theme\/images\/Service-02.png\" alt=\"\">\r\n\t\t\t      \t<h3>SERVI\u00c7O DE COBRAN\u00c7A<\/h3>\r\n\t\t\t\t   <p>Garantimos uma alta taxa de recupera\u00e7\u00e3o, pois nossos especialistas em recupera\u00e7\u00e3o profissional oferecem assist\u00eancia personalizada e detalhada em servi\u00e7os relacionados a cobran\u00e7as.<\/p>\t\t   \r\n\t\t      <\/div>\r\n\t\t   <\/div>\r\n\t\t   \r\n\t\t   <div class=\"col-lg-4 col-md-6\"> \r\n\t\t       <div class=\"service-box\">\r\n\t\t            <img decoding=\"async\" class=\"img-fluid\" src=\"\/wp-content\/themes\/website-theme\/images\/Service-03.png\" alt=\"\">\r\n\t\t\t      \t<h3>ATENDIMENTO AO CLIENTE<\/h3>\r\n\t\t\t\t    <p>Nosso BPO de servi\u00e7os financeiros oferece servi\u00e7os omnicanal em mais de 40 idiomas para um atendimento ao cliente multil\u00edngue sem falhas.<\/p>\r\n\t\t      <\/div>\r\n\t\t  <\/div>\r\n\t\t  \r\n\t      <div class=\"col-lg-4 col-md-6\"> \r\n\t\t       <div class=\"service-box\">\r\n\t\t            <img decoding=\"async\" class=\"img-fluid\" src=\"\/wp-content\/themes\/website-theme\/images\/Service-04.png\" alt=\"\">\r\n\t\t\t      \t<h3>PREVEN\u00c7\u00c3O DE FRAUDES<\/h3>\r\n\t\t\t\t   <p>Com nosso software avan\u00e7ado de seguran\u00e7a de dados e infraestrutura de classe mundial, podemos impedir a a\u00e7\u00e3o de fraudadores e manter um ambiente seguro para seus clientes.<\/p>\r\n\t\t      <\/div>\r\n\t\t  <\/div>\r\n\t\t   \r\n\t    <div class=\"col-lg-4 col-md-6\"> \r\n\t\t   <div class=\"service-box\"> \r\n\t\t        <img decoding=\"async\" class=\"img-fluid\" src=\"\/wp-content\/themes\/website-theme\/images\/Service-05.png\" alt=\"\">\r\n\t\t\t    <h3>SUBSCRI\u00c7\u00c3O<\/h3>\r\n\t\t\t\t<p>Nossa terceiriza\u00e7\u00e3o de servi\u00e7os para organiza\u00e7\u00f5es financeiras usa atu\u00e1rios qualificados para avaliar os aspectos regulat\u00f3rios e financeiros das propostas dos investidores e encontrar as mais adequadas para sua empresa.<\/p>\r\n\t\t   <\/div>\r\n\t\t <\/div>\r\n\t\t \r\n\t\t  <div class=\"col-lg-4 col-md-6\"> \r\n\t\t       <div class=\"service-box\">\r\n\t\t           <img decoding=\"async\" class=\"img-fluid\" src=\"\/wp-content\/themes\/website-theme\/images\/Service-06.png\" alt=\"\">\r\n\t\t\t       <h3>GERENCIAMENTO DE RECLAMA\u00c7\u00d5ES<\/h3>\r\n\t\t\t\t   <p>Cuidamos de todos os detalhes e oferecemos resolu\u00e7\u00f5es no primeiro contato. Como resultado, todas as reclama\u00e7\u00f5es recebem aten\u00e7\u00e3o imediata at\u00e9 o fim.<\/p>\r\n\t\t      <\/div>\r\n\t\t   <\/div>\r\n\t\t   \r\n       <\/div>\r\n<\/div>\r\n<\/div>","protected":false},"excerpt":{"rendered":"Gerenciamento de conformidade Como um dos principais fornecedores de terceiriza\u00e7\u00e3o de servi\u00e7os financeiros, acompanhamos todos os requisitos regulamentares e oferecemos solu\u00e7\u00f5es personalizadas, compat\u00edveis e f\u00e1ceis de usar. SERVI\u00c7O DE COBRAN\u00c7A Garantimos uma alta taxa de recupera\u00e7\u00e3o, pois nossos especialistas em recupera\u00e7\u00e3o profissional oferecem assist\u00eancia personalizada e detalhada em servi\u00e7os relacionados a cobran\u00e7as. ATENDIMENTO AO CLIENTE &hellip;","protected":false},"author":1,"featured_media":0,"parent":0,"menu_order":0,"comment_status":"closed","ping_status":"closed","template":"fullwidth-page.php","meta":{"footnotes":""},"class_list":["post-268","page","type-page","status-publish","hentry"],"_links":{"self":[{"href":"http:\/\/hdastservices.com\/pt-br\/wp-json\/wp\/v2\/pages\/268","targetHints":{"allow":["GET"]}}],"collection":[{"href":"http:\/\/hdastservices.com\/pt-br\/wp-json\/wp\/v2\/pages"}],"about":[{"href":"http:\/\/hdastservices.com\/pt-br\/wp-json\/wp\/v2\/types\/page"}],"author":[{"embeddable":true,"href":"http:\/\/hdastservices.com\/pt-br\/wp-json\/wp\/v2\/users\/1"}],"replies":[{"embeddable":true,"href":"http:\/\/hdastservices.com\/pt-br\/wp-json\/wp\/v2\/comments?post=268"}],"version-history":[{"count":4,"href":"http:\/\/hdastservices.com\/pt-br\/wp-json\/wp\/v2\/pages\/268\/revisions"}],"predecessor-version":[{"id":335,"href":"http:\/\/hdastservices.com\/pt-br\/wp-json\/wp\/v2\/pages\/268\/revisions\/335"}],"wp:attachment":[{"href":"http:\/\/hdastservices.com\/pt-br\/wp-json\/wp\/v2\/media?parent=268"}],"curies":[{"name":"wp","href":"https:\/\/api.w.org\/{rel}","templated":true}]}}