{"id":257,"date":"2024-01-25T06:29:07","date_gmt":"2024-01-25T06:29:07","guid":{"rendered":"http:\/\/allegrumfin.com\/?page_id=257"},"modified":"2024-02-01T10:54:38","modified_gmt":"2024-02-01T10:54:38","slug":"faq","status":"publish","type":"page","link":"http:\/\/hdastservices.com\/pt-br\/faq\/","title":{"rendered":"FAQ"},"content":{"rendered":"<div class=\"inner-page-wrap faq-page\">\r\n  <div class=\"container\">\r\n     <div class=\"row\">\r\n       <div class=\"col-lg-7\">\r\n\t      <div id=\"accordion\">\r\n       <div class=\"card active\">\r\n\t\t  <div class=\"card-header\">\r\n\t\t\t<a class=\"btn\" data-bs-toggle=\"collapse\" href=\"#collapseOne\">\r\n\t\t\t Quais os benef\u00edcios da terceiriza\u00e7\u00e3o de nosso call center de servi\u00e7os financeiros?\r\n\t\t\t<\/a>\r\n\t\t  <\/div>\r\n\t\t  <div id=\"collapseOne\" class=\"collapse show\" data-bs-parent=\"#accordion\">\r\n\t\t\t<div class=\"card-body\">\r\n\t\t\t   <p>A terceiriza\u00e7\u00e3o de seu call center de servi\u00e7os financeiros pode proporcionar v\u00e1rios benef\u00edcios, incluindo economia de custos, acesso a conhecimento especializado, escalabilidade, melhor atendimento ao cliente, maior efici\u00eancia e a capacidade de se concentrar nas atividades essenciais do neg\u00f3cio.<\/p>\r\n\t\t\t<\/div>\r\n\t\t  <\/div>\r\n      <\/div>\r\n\t\r\n    <div class=\"card\">\r\n      <div class=\"card-header\">\r\n        <a class=\"collapsed btn\" data-bs-toggle=\"collapse\" href=\"#collapseTwo\">\r\n          Como seus servi\u00e7os de terceiriza\u00e7\u00e3o podem atender aos requisitos espec\u00edficos de nosso setor financeiro?\r\n       <\/a>\r\n      <\/div>\r\n      <div id=\"collapseTwo\" class=\"collapse\" data-bs-parent=\"#accordion\">\r\n        <div class=\"card-body\">\r\n             <p>Como um experiente provedor de terceiriza\u00e7\u00e3o de call centers para servi\u00e7os financeiros, entendemos os requisitos exclusivos do setor. Temos uma equipe de profissionais que conhecem os produtos financeiros, as normas e os padr\u00f5es de conformidade. Podemos ainda personalizar nossos servi\u00e7os para atender \u00e0s suas necessidades espec\u00edficas e garantir a conformidade com as normas do setor.<\/p>\r\n\t\t <\/div>\r\n      <\/div>\r\n    <\/div>\r\n\t\r\n    <div class=\"card\">\r\n      <div class=\"card-header\">\r\n        <a class=\"collapsed btn\" data-bs-toggle=\"collapse\" href=\"#collapseThree\">\r\n          Que tipo de suporte de call center para servi\u00e7os financeiros voc\u00eas oferecem?\r\n        <\/a>\r\n      <\/div>\r\n      <div id=\"collapseThree\" class=\"collapse\" data-bs-parent=\"#accordion\">\r\n        <div class=\"card-body\">\r\n\t\t   <p>Oferecemos diferentes tipos de suporte de call center para servi\u00e7os financeiros, incluindo consultas e suporte ao cliente, gerenciamento de contas, processamento de pagamentos, solicita\u00e7\u00f5es de empr\u00e9stimos e cart\u00f5es de cr\u00e9dito, preven\u00e7\u00e3o de fraudes, resolu\u00e7\u00e3o de disputas, cobran\u00e7as e muito mais. Nossos servi\u00e7os foram desenvolvidos para atender \u00e0s necessidades espec\u00edficas das institui\u00e7\u00f5es financeiras.\r\n\r\n<\/p>\r\n\t\t <\/div>\r\n      <\/div>\r\n    <\/div>\r\n\t\r\n<div class=\"card\">\r\n      <div class=\"card-header\">\r\n        <a class=\"collapsed btn\" data-bs-toggle=\"collapse\" href=\"#collapseFour\">\r\n          Voc\u00eas conseguem lidar com grandes volumes de chamadas durante os per\u00edodos de pico?\r\n        <\/a>\r\n      <\/div>\r\n      <div id=\"collapseFour\" class=\"collapse\" data-bs-parent=\"#accordion\">\r\n        <div class=\"card-body\">\r\n\t\t  <p>Sim, temos a capacidade de lidar com grandes volumes de chamadas durante os per\u00edodos de pico. Nossa central de atendimento \u00e9 equipada com tecnologia e infraestrutura avan\u00e7adas, que nos permitem dimensionar nossas opera\u00e7\u00f5es rapidamente. Podemos garantir que seus clientes recebam um servi\u00e7o r\u00e1pido e eficiente, mesmo durante os per\u00edodos de maior demanda.<\/p>\r\n\t\t<\/div>\r\n      <\/div>\r\n<\/div>\r\n\r\n\r\n<div class=\"card\">\r\n      <div class=\"card-header\">\r\n        <a class=\"collapsed btn\" data-bs-toggle=\"collapse\" href=\"#collapseFive\">\r\n          Como voc\u00eas garantem o controle de qualidade e mant\u00eam os padr\u00f5es de servi\u00e7o?\r\n        <\/a>\r\n      <\/div>\r\n      <div id=\"collapseFive\" class=\"collapse\" data-bs-parent=\"#accordion\">\r\n        <div class=\"card-body\">\r\n\t\t\t<p>Temos medidas rigorosas de controle de qualidade para manter os padr\u00f5es de servi\u00e7o. Nossos agentes de call center passam por um treinamento completo sobre produtos financeiros, normas do setor e pr\u00e1ticas recomendadas de atendimento ao cliente. Tamb\u00e9m fazemos avalia\u00e7\u00f5es regulares de desempenho, monitoramento de chamadas e an\u00e1lise de feedback do cliente para garantir a qualidade consistente do servi\u00e7o.<\/p>\r\n\t\t<\/div>\r\n      <\/div>\r\n<\/div>\r\n\r\n<div class=\"card\">\r\n      <div class=\"card-header\">\r\n        <a class=\"collapsed btn\" data-bs-toggle=\"collapse\" href=\"#collapseSix\">\r\n           Qual \u00e9 a sua abordagem em rela\u00e7\u00e3o \u00e0 satisfa\u00e7\u00e3o e fideliza\u00e7\u00e3o de clientes?\r\n        <\/a>\r\n      <\/div>\r\n      <div id=\"collapseSix\" class=\"collapse\" data-bs-parent=\"#accordion\">\r\n         <div class=\"card-body\">\r\n\t\t\t<p>A satisfa\u00e7\u00e3o do cliente \u00e9 nossa prioridade. N\u00f3s nos esfor\u00e7amos para oferecer experi\u00eancias excepcionais, que geram confian\u00e7a e fidelidade. Nossos agentes financeiros s\u00e3o treinados para lidar com as d\u00favidas dos clientes com profissionalismo, empatia e efici\u00eancia. Tamb\u00e9m coletamos regularmente o feedback dos clientes e fazemos melhorias com base em suas sugest\u00f5es para aprimorar continuamente nossos servi\u00e7os.<\/p>\r\n\t\t <\/div>\r\n      <\/div>\r\n<\/div>\r\n\r\n<div class=\"card\">\r\n      <div class=\"card-header\">\r\n        <a class=\"collapsed btn\" data-bs-toggle=\"collapse\" href=\"#collapseSeven\">\r\n           Como \u00e9 o processo de integra\u00e7\u00e3o e transi\u00e7\u00e3o de nossos servi\u00e7os financeiros para sua central de atendimento?\r\n        <\/a>\r\n      <\/div>\r\n      <div id=\"collapseSeven\" class=\"collapse\" data-bs-parent=\"#accordion\">\r\n        <div class=\"card-body\">\r\n\t\t\t<p>Nosso processo de integra\u00e7\u00e3o \u00e9 tranquilo e altamente estruturado. Trabalhamos em estreita colabora\u00e7\u00e3o com voc\u00ea para entender seus requisitos, sistemas e processos espec\u00edficos. Desenvolvemos um plano de transi\u00e7\u00e3o detalhado e garantimos uma transfer\u00eancia de conhecimento transparente. Nossa equipe dedicada trabalha em estreita colabora\u00e7\u00e3o com sua organiza\u00e7\u00e3o para facilitar uma transi\u00e7\u00e3o tranquila e minimizar interrup\u00e7\u00f5es em suas opera\u00e7\u00f5es.<\/p>\r\n\t    <\/div>\r\n      <\/div>\r\n<\/div>\r\n\r\n<\/div>  \r\n\r\n<\/div>\r\n\r\n\r\n<div class=\"col-lg-5\">\r\n\t    <img decoding=\"async\" class=\"img-fluid\" src=\"\/wp-content\/themes\/website-theme\/images\/faq-img.png\" alt=\"\">\r\n<\/div>\r\n\t   \r\n  \r\n  <\/div>\r\n <\/div>\r\n<\/div>","protected":false},"excerpt":{"rendered":"Quais os benef\u00edcios da terceiriza\u00e7\u00e3o de nosso call center de servi\u00e7os financeiros? A terceiriza\u00e7\u00e3o de seu call center de servi\u00e7os financeiros pode proporcionar v\u00e1rios benef\u00edcios, incluindo economia de custos, acesso a conhecimento especializado, escalabilidade, melhor atendimento ao cliente, maior efici\u00eancia e a capacidade de se concentrar nas atividades essenciais do neg\u00f3cio. Como seus servi\u00e7os de &hellip;","protected":false},"author":1,"featured_media":0,"parent":0,"menu_order":0,"comment_status":"closed","ping_status":"closed","template":"fullwidth-page.php","meta":{"footnotes":""},"class_list":["post-257","page","type-page","status-publish","hentry"],"_links":{"self":[{"href":"http:\/\/hdastservices.com\/pt-br\/wp-json\/wp\/v2\/pages\/257","targetHints":{"allow":["GET"]}}],"collection":[{"href":"http:\/\/hdastservices.com\/pt-br\/wp-json\/wp\/v2\/pages"}],"about":[{"href":"http:\/\/hdastservices.com\/pt-br\/wp-json\/wp\/v2\/types\/page"}],"author":[{"embeddable":true,"href":"http:\/\/hdastservices.com\/pt-br\/wp-json\/wp\/v2\/users\/1"}],"replies":[{"embeddable":true,"href":"http:\/\/hdastservices.com\/pt-br\/wp-json\/wp\/v2\/comments?post=257"}],"version-history":[{"count":4,"href":"http:\/\/hdastservices.com\/pt-br\/wp-json\/wp\/v2\/pages\/257\/revisions"}],"predecessor-version":[{"id":315,"href":"http:\/\/hdastservices.com\/pt-br\/wp-json\/wp\/v2\/pages\/257\/revisions\/315"}],"wp:attachment":[{"href":"http:\/\/hdastservices.com\/pt-br\/wp-json\/wp\/v2\/media?parent=257"}],"curies":[{"name":"wp","href":"https:\/\/api.w.org\/{rel}","templated":true}]}}