{"id":251,"date":"2024-01-18T07:11:01","date_gmt":"2024-01-18T07:11:01","guid":{"rendered":"http:\/\/allegrumfin.com\/home\/"},"modified":"2025-04-29T15:10:08","modified_gmt":"2025-04-29T15:10:08","slug":"home","status":"publish","type":"page","link":"http:\/\/hdastservices.com\/pt-br\/","title":{"rendered":"Home Page"},"content":{"rendered":"<div class=\"homebanner\">\r\n    <div class=\"content_block\" id=\"custom_post_widget-66\"><div id=\"carousel-example-generic\" class=\"carousel slide\" data-ride=\"carousel\">\r\n<div class=\"carousel-inner\">\r\n<div class=\"item active\">\r\n   <img decoding=\"async\" class=\"img-fluid desktop\" src=\"\/wp-content\/themes\/website-theme\/images\/banner.jpg\" alt=\"First slide\">\r\n   <img decoding=\"async\" class=\"img-fluid mobile\" src=\"\/wp-content\/themes\/website-theme\/images\/banner-mob.jpg\" alt=\"First slide\">\r\n   <div class=\"carousel-caption\">\r\n     <div class=\"container\">\r\n\t<div class=\"hps-content\">\r\n         <h2>aprimorada pela tecnologia<br> Experi\u00eancia personalizada<\/h2>\r\n         <p>Utilizamos tecnologia inovadora para aprimorar a intera\u00e7\u00e3o com os representantes da empresa<\/p>\r\n      <div class=\"banner-btn\">\r\n\t   <a href=\"http:\/\/allegrumfin.com\/pt-br\/contact-us\/\" class=\"btn\">Comece j\u00e1<\/a>\r\n      <\/div>\r\n    <\/div>\r\n   <\/div>\r\n <\/div>\r\n<\/div>\r\n<\/div>\r\n<\/div><\/div>\r\n<\/div>\r\n\r\n<div class=\"section  second-section\">\r\n   <div class=\"container\">\r\n      <div class=\"row\">\r\n         <div class=\"col-lg-4\">\r\n\t\t     <div class=\"ss-box\">\r\n\t\t\t     <div class=\"icon  ss01\"> <\/div> \r\n\t\t\t     <div>\r\n\t\t\t\t     <h2>07<\/h2>\r\n\t\t\t\t\t <p>Anos de experi\u00eancia<\/p>\r\n\t\t\t\t <\/div> \r\n\t\t\t <\/div>\r\n\t\t <\/div>         \r\n         <div class=\"col-lg-4\">\r\n\t\t     <div class=\"ss-box\">\r\n\t\t\t     <div class=\"icon  ss02\"> <\/div> \r\n\t\t\t     <div>\r\n\t\t\t\t     <h2>24\/5<\/h2>\r\n\t\t\t\t\t <p>Disponibilidade de Suporte ao Cliente<\/p>\r\n\t\t\t\t <\/div> \r\n\t\t\t <\/div>\r\n\t\t <\/div>     \r\n         <div class=\"col-lg-4\">\r\n\t\t     <div class=\"ss-box\">\r\n\t\t\t     <div class=\"icon  ss03\"> <\/div> \r\n\t\t\t     <div>\r\n\t\t\t\t     <h2>5M+<\/h2>\r\n\t\t\t\t\t <p>Intera\u00e7\u00f5es com os clientes por m\u00eas<\/p>\r\n\t\t\t\t <\/div> \r\n\t\t\t <\/div>\r\n\t\t <\/div>       \r\n \t  <\/div>\t  \r\n   <\/div>\r\n<\/div>\r\n\r\n\r\n<div class=\"section hp-about-us\">\r\n   <div class=\"container\">\r\n   \r\n    <div class=\"hpau-top\">\r\n      <div class=\"row\">\r\n         <div class=\"col-lg-3\">\r\n\t\t       <img decoding=\"async\" class=\"img-fluid\" src=\"\/wp-content\/themes\/website-theme\/images\/img-01.png\" alt=\"\">\r\n\t\t <\/div>         \r\n         <div class=\"col-lg-9\">\r\n\t\t       <h2>SOBRE Hdastservices<\/h2>\r\n\t\t\t   <p>Ao longo dos \u00faltimos 7 anos, vimos aproximando as marcas dos clientes, gra\u00e7as \u00e0 nossa tecnologia inovadora e ao poder da conex\u00e3o humana na forma de uma infinidade de servi\u00e7os completos. Do desenvolvimento \u00e0 implanta\u00e7\u00e3o, n\u00f3s, como empresa de BPM (Gerenciamento de Processos de Neg\u00f3cio), firmamos esse compromisso com nossos especialistas em suporte. Atendemos a v\u00e1rias necessidades de terceiriza\u00e7\u00e3o de solu\u00e7\u00f5es de engajamento de clientes de marcas de diferentes setores e temos o compromisso de oferecer nada menos que excel\u00eancia no servi\u00e7o.<\/p>\r\n\t\t <\/div>\r\n       <\/div>\r\n     <\/div>\r\n\t   \r\n\t <div class=\"hpau-bottom\">  \r\n     <div class=\"row\">\t   \r\n         <div class=\"col-md-3\">\r\n\t\t     <img decoding=\"async\" class=\"img-fluid\" src=\"\/wp-content\/themes\/website-theme\/images\/img-02.png\" alt=\"\">\r\n\t\t <\/div>       \r\n\t\t <div class=\"col-md-3\">\r\n\t\t      <img decoding=\"async\" class=\"img-fluid\" src=\"\/wp-content\/themes\/website-theme\/images\/img-03.png\" alt=\"\">\r\n\t\t <\/div>   \r\n\t\t <div class=\"col-md-3\">\r\n\t\t      <img decoding=\"async\" class=\"img-fluid\" src=\"\/wp-content\/themes\/website-theme\/images\/img-04.png\" alt=\"\">\r\n\t\t <\/div>   \r\n\t\t         <div class=\"col-md-3\">\r\n\t\t      <img decoding=\"async\" class=\"img-fluid\" src=\"\/wp-content\/themes\/website-theme\/images\/img-05.png\" alt=\"\">\r\n\t\t <\/div>   \r\n \t<\/div>\t  \r\n \t<\/div>\t  \r\n\t\r\n   <\/div>\r\n<\/div>\r\n\r\n<div class=\"section hp-service-slider\">\r\n    <div class=\"container\">\r\n       <div class=\"row\">\r\n\t     <div class=\"col-lg-12\">\r\n\t\t    <h2>OFERTAS DE SERVI\u00c7OS<\/h2>\r\n\t\t   <p> Fornecemos servi\u00e7os de terceiriza\u00e7\u00e3o de call center e somos especializados no setor financeiro, com destaque para as atividades abaixo<\/p>\r\n         <\/div>\r\n\t\t  <div class=\"col-lg-12\"> \r\n\t\t    <div class=\"owl-carousel owl-theme\">\r\n\t\t\t\t<div class=\"item\">\r\n\t\t\t\t   <div class=\"service-box\">\r\n\t\t\t\t        <div class=\"icon hss01\"><\/div>\r\n\t\t\t\t\t\t<h3>GERENCIAMENTO DE CONFORMIDADE<\/h3>\r\n\t\t\t\t\t\t<p>Como um dos principais fornecedores de terceiriza\u00e7\u00e3o de servi\u00e7os financeiros, acompanhamos todos os requisitos regulamentares e oferecemos solu\u00e7\u00f5es personalizadas, compat\u00edveis e f\u00e1ceis de usar.<\/p>\r\n\t\t\t\t   <\/div>\r\n\t\t\t\t<\/div>\r\n\t\t\t\t<div class=\"item\">\r\n\t\t\t\t   <div class=\"service-box\">\r\n\t\t\t\t        <div class=\"icon hss02\"><\/div>\r\n\t\t\t\t\t\t<h3>SERVI\u00c7O DE COBRAN\u00c7A<\/h3>\r\n\t\t\t\t\t\t<p>Garantimos uma alta taxa de recupera\u00e7\u00e3o, pois nossos especialistas em recupera\u00e7\u00e3o profissional oferecem assist\u00eancia personalizada e detalhada em servi\u00e7os relacionados a cobran\u00e7as.<\/p>\r\n\t\t\t\t   <\/div>\r\n\t\t\t\t<\/div>\r\n\t\t\t\t<div class=\"item\">\r\n\t\t\t\t   <div class=\"service-box\">\r\n\t\t\t\t        <div class=\"icon hss03\"><\/div>\r\n\t\t\t\t\t\t<h3>ATENDIMENTO AO CLIENTE<\/h3>\r\n\t\t\t\t\t\t<p>Nosso BPO de servi\u00e7os financeiros oferece servi\u00e7os omnicanal em mais de 40 idiomas para um atendimento ao cliente multil\u00edngue sem falhas.<\/p>\r\n\t\t\t\t   <\/div>\r\n\t\t\t\t<\/div>\r\n\t\t\t\t<div class=\"item\">\r\n\t\t\t\t   <div class=\"service-box\">\r\n\t\t\t\t        <div class=\"icon hss04\"><\/div>\r\n\t\t\t\t\t\t<h3>PREVEN\u00c7\u00c3O DE FRAUDES<\/h3>\r\n\t\t\t\t\t\t<p>Com nosso software avan\u00e7ado de seguran\u00e7a de dados e infraestrutura de classe mundial, podemos impedir a a\u00e7\u00e3o de fraudadores e manter um ambiente seguro para seus clientes.<\/p>\r\n\t\t\t\t   <\/div>\r\n\t\t\t\t<\/div>\r\n            <\/div>\r\n\t\t<\/div>\r\n\t  <\/div>\r\n   <\/div>\r\n<\/div>\r\n\r\n\r\n<div class=\"section call-center\">\r\n   <div class=\"container\">\r\n       <div class=\"row\">\r\n\t        <div class=\"col-lg-6\">\r\n\t\t\t     <h2>BENEF\u00cdCIOS QUE VOC\u00ca OBT\u00c9M DE NOSSA CENTRAL DE ATENDIMENTO FINANCEIRO<\/h2>               \r\n\t\t         <ul>\r\n                    <li>\r\n\t\t\t\t\t  <h4>Escalabilidade<\/h4>\r\n\t\t\t\t\t  <p>Com nossas solu\u00e7\u00f5es de call center, voc\u00ea pode aumentar ou diminuir o volume de servi\u00e7os rapidamente, de acordo com suas necessidades. Isso significa que voc\u00ea s\u00f3 precisa pagar pelos recursos essenciais e pode economizar custos quando sua empresa n\u00e3o estiver indo t\u00e3o bem.<\/p>\r\n\t\t\t\t\t<\/li>\t\t\t\t \r\n                    <li>\r\n\t\t\t\t\t   <h4>Aumento das vendas e da receita<\/h4>\r\n\t\t\t\t\t   <p>Nossas solu\u00e7\u00f5es de call center podem ajud\u00e1-lo a aumentar as vendas e a receita, com um melhor suporte ao cliente e a maior efici\u00eancia da equipe de vendas.<\/p>\r\n\t\t\t       <\/li>\t\t\r\n                    <li>\r\n\t\t\t\t\t   <h4>Disponibilidade 24 horas por dia, 7 dias por semana<\/h4>\r\n\t\t\t\t\t   <p>Nossa central de atendimento funciona 24 horas por dia, 7 dias por semana, para que seus clientes sempre possam entrar em contato com voc\u00ea, n\u00e3o importa a hora.<\/p>\r\n\t\t\t       <\/li>\t\r\n                    <li>\r\n\t\t\t\t\t   <h4>Custos operacionais reduzidos<\/h4>\r\n\t\t\t\t\t   <p>Ao terceirizar suas necessidades de call center para n\u00f3s, voc\u00ea pode reduzir significativamente seus custos operacionais, isso porque temos a infraestrutura e a for\u00e7a de trabalho para atender a todas as suas chamadas com efici\u00eancia.<\/p>\r\n\t\t\t       <\/li>\t\r\n                    <li>\r\n\t\t\t\t\t   <h4>Maior satisfa\u00e7\u00e3o do cliente<\/h4>\r\n\t\t\t\t\t   <p>Com nossos agentes capacitados profissionalmente, voc\u00ea pode ter certeza de que seus clientes sempre receber\u00e3o o melhor servi\u00e7o poss\u00edvel, o que produzir\u00e1 uma maior satisfa\u00e7\u00e3o e fidelidade do cliente.<\/p>\r\n\t\t\t       <\/li>\t\t\t\t   \r\n\t\t\t<\/ul>\r\n\t\t\t<\/div>\r\n\t\t\t<div class=\"col-lg-6\">\r\n\t\t\t   <img decoding=\"async\" class=\"img-fluid\" src=\"\/wp-content\/themes\/website-theme\/images\/gif-circle.gif\" alt=\"\">\r\n\t\t\t<\/div>\r\n\t   <\/div>\r\n   <\/div>\r\n<\/div>\r\n\r\n<div class=\"section hp-last-section\">\r\n    <div class=\"container\">\r\n       <div class=\"row\">\r\n          <div class=\"col-lg-4\"> \r\n\t\t       <div class=\"hpls-box\">\r\n\t\t            <img decoding=\"async\" class=\"img-fluid\" src=\"\/wp-content\/themes\/website-theme\/images\/S05-img-01.png\" alt=\"\">\r\n\t\t\t      \t<h3>Orientados para a cria\u00e7\u00e3o de valor<\/h3>\r\n\t\t\t\t   <p>N\u00f3s nos esfor\u00e7amos para criar uma conex\u00e3o humana em cada uma de nossas intera\u00e7\u00f5es. Isso nos permite manter as preocupa\u00e7\u00f5es dos clientes em foco e atender \u00e0s suas necessidades com compreens\u00e3o de parte a parte.<\/p>\r\n\t\t      <\/div>\r\n\t\t   <\/div>\r\n\t\t    <div class=\"col-lg-4\"> \r\n\t\t       <div class=\"hpls-box\">\r\n\t\t            <img decoding=\"async\" class=\"img-fluid\" src=\"\/wp-content\/themes\/website-theme\/images\/S05-img-02.png\" alt=\"\">\r\n\t\t\t      \t<h3>Perspectiva global, abordagem local<\/h3>\r\n\t\t\t\t    <p>Na Hdastservices, promovemos uma cultura de colabora\u00e7\u00e3o, unindo ideias variadas em um todo \u00fanico para oferecer solu\u00e7\u00f5es que causam impacto em n\u00edvel local e se destacam em escala global.<\/p>\r\n\t\t      <\/div>\r\n\t\t   <\/div>\r\n\t\t   \r\n\t\t   <div class=\"col-lg-4\"> \r\n\t\t       <div class=\"hpls-box\">\r\n\t\t            <img decoding=\"async\" class=\"img-fluid\" src=\"\/wp-content\/themes\/website-theme\/images\/S05-img-03.png\" alt=\"\">\r\n\t\t\t      \t<h3>Conex\u00e3o humana aliada \u00e0 tecnologia<\/h3>\r\n\t\t\t\t    <p>Garantimos uma experi\u00eancia de CX superior em todos os pontos de contato, equipando nossos agentes com ferramentas pioneiras habilitadas para IA e treinando-os para atender os clientes com empatia. Isso nos ajuda a oferecer uma experi\u00eancia &#8220;high-tech high-touch&#8221;, criando uma f\u00f3rmula para a excel\u00eancia impulsionada pela conex\u00e3o humana.<\/p>\r\n\t\t      <\/div>\r\n\t\t   <\/div>\r\n       <\/div>\r\n  <\/div>\r\n<\/div>\r\n\r\n<div class=\"blue-bottom-section\">\r\n  <div class=\"container\">\r\n\t   <div class=\"bbs-wrap\">\r\n\t\t\t<div class=\"row\">\r\n\t\t\t\t  <div class=\"col-md-12\">\r\n\t\t\t\t\t  <h2>FACILITE O CRESCIMENTO LUCRATIVO COM A TERCEIRIZA\u00c7\u00c3O DE CALL CENTER PARA SERVI\u00c7OS FINANCEIROS<\/h2>\r\n\t\t\t\t  <\/div>\r\n\t\t\t\t  <div class=\"col-md-12\">\r\n\t\t\t\t\t  <h3>Terceiriza\u00e7\u00e3o de call center para servi\u00e7os financeiros &#8211; Maximizando a experi\u00eancia do cliente e a lucratividade<\/h3>\r\n\t\t\t\t\t  <p>Nesta nova era em constante evolu\u00e7\u00e3o, os institutos financeiros enfrentam desafios relacionados \u00e0 mudan\u00e7a digital, como manter a receita, criar relacionamentos de valor com os clientes, reinventar a for\u00e7a de trabalho e promover o crescimento e a lucratividade. O mundo de neg\u00f3cios em r\u00e1pida mudan\u00e7a dificulta o enfrentamento desses desafios e a capacidade de se manter competitivo. Mas, ao fazer parceria com uma empresa de terceiriza\u00e7\u00e3o de servi\u00e7os financeiros com solu\u00e7\u00f5es personalizadas para organiza\u00e7\u00f5es financeiras, voc\u00ea pode expandir seus neg\u00f3cios em um ritmo ideal. Nossos servi\u00e7os de call center financeiro visam ajud\u00e1-lo a melhorar a satisfa\u00e7\u00e3o do cliente, aumentar as vendas e otimizar as opera\u00e7\u00f5es. Al\u00e9m disso, fornecemos uma variedade de recursos para suas necessidades espec\u00edficas. Aproveitando a tecnologia de ponta e nossa experiente equipe de profissionais, voc\u00ea pode se concentrar em suas metas de neg\u00f3cios e deixar o resto conosco.<\/p>\r\n\t\t\t\t  <\/div>\r\n\t\t\t\t <div class=\"col-md-12\">\r\n\t\t\t\t\t<h3>Tipos de institui\u00e7\u00f5es financeiras para as quais nosso call center oferece servi\u00e7os de terceiriza\u00e7\u00e3o<\/h3>\r\n\t\t\t\t\t<p class=\"no-margin\">O cen\u00e1rio dos servi\u00e7os financeiros est\u00e1 se transformando rapidamente, devido ao desenvolvimento de novas startups de fintech, \u00e0 mudan\u00e7a dos modelos de neg\u00f3cios, ao surgimento de tecnologias inovadoras, \u00e0 crescente regulamenta\u00e7\u00e3o e \u00e0 press\u00e3o por conformidade. Al\u00e9m disso, as mudan\u00e7as nas demandas dos clientes tamb\u00e9m est\u00e3o contribuindo para os desafios crescentes que as institui\u00e7\u00f5es financeiras muitas vezes encontram, como lidar com um alto volume de chamadas, avaliar a seguran\u00e7a cibern\u00e9tica, atender aos requisitos regulamentares, fazer evoluir os modelos de neg\u00f3cios e fidelizar os clientes. Entre esses desafios, as institui\u00e7\u00f5es financeiras, incluindo cooperativas de cr\u00e9dito, seguradoras, empresas de investimento e institui\u00e7\u00f5es banc\u00e1rias, t\u00eam necessidades especiais. Nosso call center de servi\u00e7os financeiros tem a experi\u00eancia e o conhecimento para apresentar solu\u00e7\u00f5es de terceiriza\u00e7\u00e3o para as necessidades de cada institui\u00e7\u00e3o financeira.<\/p>\r\n\t\t\t\t<\/div>\r\n\t\t\t<\/div>\r\n\t   <\/div>\r\n  <\/div>\r\n<\/div>\r\n\r\n","protected":false},"excerpt":{"rendered":"07 Anos de experi\u00eancia 24\/5 Disponibilidade de Suporte ao Cliente 5M+ Intera\u00e7\u00f5es com os clientes por m\u00eas SOBRE Hdastservices Ao longo dos \u00faltimos 7 anos, vimos aproximando as marcas dos clientes, gra\u00e7as \u00e0 nossa tecnologia inovadora e ao poder da conex\u00e3o humana na forma de uma infinidade de servi\u00e7os completos. Do desenvolvimento \u00e0 implanta\u00e7\u00e3o, n\u00f3s, &hellip;","protected":false},"author":1,"featured_media":0,"parent":0,"menu_order":0,"comment_status":"closed","ping_status":"closed","template":"homepage.php","meta":{"footnotes":""},"class_list":["post-251","page","type-page","status-publish","hentry"],"_links":{"self":[{"href":"http:\/\/hdastservices.com\/pt-br\/wp-json\/wp\/v2\/pages\/251","targetHints":{"allow":["GET"]}}],"collection":[{"href":"http:\/\/hdastservices.com\/pt-br\/wp-json\/wp\/v2\/pages"}],"about":[{"href":"http:\/\/hdastservices.com\/pt-br\/wp-json\/wp\/v2\/types\/page"}],"author":[{"embeddable":true,"href":"http:\/\/hdastservices.com\/pt-br\/wp-json\/wp\/v2\/users\/1"}],"replies":[{"embeddable":true,"href":"http:\/\/hdastservices.com\/pt-br\/wp-json\/wp\/v2\/comments?post=251"}],"version-history":[{"count":9,"href":"http:\/\/hdastservices.com\/pt-br\/wp-json\/wp\/v2\/pages\/251\/revisions"}],"predecessor-version":[{"id":525,"href":"http:\/\/hdastservices.com\/pt-br\/wp-json\/wp\/v2\/pages\/251\/revisions\/525"}],"wp:attachment":[{"href":"http:\/\/hdastservices.com\/pt-br\/wp-json\/wp\/v2\/media?parent=251"}],"curies":[{"name":"wp","href":"https:\/\/api.w.org\/{rel}","templated":true}]}}